{"id":4519,"date":"2022-01-19T18:42:31","date_gmt":"2022-01-19T17:42:31","guid":{"rendered":"https:\/\/cacahuetecomunicacion.com\/?page_id=4519"},"modified":"2024-02-01T11:54:01","modified_gmt":"2024-02-01T10:54:01","slug":"web","status":"publish","type":"page","link":"https:\/\/cacahuetecomunicacion.com\/blog\/web\/","title":{"rendered":"Web"},"content":{"rendered":"<p>[et_pb_section fb_built=\u00bb1&#8243; _builder_version=\u00bb4.19.3&#8243; _module_preset=\u00bbdefault\u00bb background_color=\u00bb#f9f9f9&#8243; global_colors_info=\u00bb{}\u00bb][et_pb_row _builder_version=\u00bb4.19.3&#8243; _module_preset=\u00bbdefault\u00bb global_colors_info=\u00bb{}\u00bb][et_pb_column type=\u00bb4_4&#8243; _builder_version=\u00bb4.19.3&#8243; _module_preset=\u00bbdefault\u00bb global_colors_info=\u00bb{}\u00bb][et_pb_text admin_label=\u00bbText\u00bb _builder_version=\u00bb4.19.3&#8243; header_text_align=\u00bbcenter\u00bb header_text_color=\u00bb#3E1980&#8243; header_font_size=\u00bb94px\u00bb background_size=\u00bbinitial\u00bb background_position=\u00bbtop_left\u00bb background_repeat=\u00bbrepeat\u00bb hover_enabled=\u00bb0&#8243; global_colors_info=\u00bb{}\u00bb sticky_enabled=\u00bb0&#8243;]<\/p>\n<h1>WEB<\/h1>\n<p><img decoding=\"async\" loading=\"lazy\" src=\"https:\/\/cacahuetecomunicacion.com\/blog\/wp-content\/uploads\/2024\/02\/CONBANDERA_KITDIGITAL.png\" width=\"3252\" height=\"303\" alt=\"\" class=\"wp-image-4702 aligncenter size-full\" srcset=\"https:\/\/cacahuetecomunicacion.com\/blog\/wp-content\/uploads\/2024\/02\/CONBANDERA_KITDIGITAL.png 3252w, https:\/\/cacahuetecomunicacion.com\/blog\/wp-content\/uploads\/2024\/02\/CONBANDERA_KITDIGITAL-480x45.png 480w\" sizes=\"(min-width: 0px) and (max-width: 480px) 480px, (min-width: 481px) 3252px, 100vw\" \/><\/p>\n<p style=\"text-align: center;\"><strong>\u00bfPor qu\u00e9 es importante tener un buen sitio\u00a0web?<\/strong><\/p>\n<p style=\"text-align: center;\"><strong>SITIO WEB Y PRESENCIA EN INTERNET<\/strong><\/p>\n<p style=\"text-align: center;\">Creaci\u00f3n de p\u00e1ginas web a medida para explotar todas las posibilidades y conseguir los objetivos. Nuestras webs son \u00fanicas, hechas sin plantillas y adaptadas a cada proyecto.<\/p>\n<div class=\"d-flex\"><\/div>\n<p>[\/et_pb_text][\/et_pb_column][\/et_pb_row][\/et_pb_section][et_pb_section fb_built=\u00bb1&#8243; admin_label=\u00bbsection\u00bb _builder_version=\u00bb4.16&#8243; custom_padding=\u00bb0px|||||\u00bb global_colors_info=\u00bb{}\u00bb][et_pb_row admin_label=\u00bbrow\u00bb _builder_version=\u00bb4.16&#8243; background_size=\u00bbinitial\u00bb background_position=\u00bbtop_left\u00bb background_repeat=\u00bbrepeat\u00bb global_colors_info=\u00bb{}\u00bb][et_pb_column type=\u00bb4_4&#8243; _builder_version=\u00bb4.16&#8243; custom_padding=\u00bb|||\u00bb global_colors_info=\u00bb{}\u00bb custom_padding__hover=\u00bb|||\u00bb][et_pb_text _builder_version=\u00bb4.19.3&#8243; _module_preset=\u00bbdefault\u00bb global_colors_info=\u00bb{}\u00bb]<\/p>\n<p><span>\u00a0La presencia en Internet, hoy en d\u00eda, es tu carta de presentaci\u00f3n ante el mundo y en Cacahuete Comunicaci\u00f3n nos encargamos de que cumpla con unos c\u00e1nones de calidad acordes a la importancia de la tarea que se nos encomienda.<\/span><\/p>\n<p><span><strong>Objetivos<\/strong> que nos marcamos para conseguir que tu web muestre la presencia en Internet acorde a la imagen que queremos trasladar:<\/span><\/p>\n<ul>\n<li aria-level=\"1\"><span><strong>SEO<\/strong>: no te vamos a dar un curso de experto en t\u00e9rminos de estrategias y t\u00e9cnicas de optimizaci\u00f3n para p\u00e1ginas web (aunque si lo necesitas estaremos encantados de hacerlo), pero debes saber que un buen SEO es clave para un buen sitio web. Principalmente porque su finalidad es conseguir que tu sitio aparezca bien posicionado en los buscadores de Internet (Google, Yahoo, YouTube\u2026), por lo que quienes te busquen a ti o t\u00e9rminos relacionados con lo que ofreces en tu web, te encontrar\u00e1n con mayor probabilidad\u00a0<\/span><\/li>\n<li aria-level=\"1\"><span><strong>Estructura<\/strong>: sencilla e intuitiva. Nos encargamos de recoger todas tus ideas, darles forma y ordenarlas de tal modo que al usuario final le lleguen de una manera clara, sin l\u00edos a la hora de navegar por el sitio web\u00a0<\/span><\/li>\n<li aria-level=\"1\"><span><strong>Usabilidad<\/strong>: de nada sirve una gran propuesta si no se puede ejecutar o no llega a su emisor. Es fundamental que todo lo que proponemos en la web pueda finalizarse. Una p\u00e1gina que no cumple este requisito o con una usabilidad compleja provocar\u00e1 rechazo al usuario la pr\u00f3xima vez que busque lo que nosotros ofrecemos<\/span><\/li>\n<li aria-level=\"1\"><span><strong>Dise\u00f1o<\/strong>: aunque la belleza est\u00e1 en el interior, somos conscientes de que el envoltorio tambi\u00e9n es importante, sobre todo en Internet. Por eso nos encargamos de realizar un dise\u00f1o acorde a tus necesidades. Nuestro equipo analizar\u00e1 tus caracter\u00edsticas, tus se\u00f1as de identidad y el mensaje que tratas de mostrar para crear tu imagen ante el mundo y que esta refleje c\u00f3mo te quieres mostrar ante \u00e9l<\/span><\/li>\n<li aria-level=\"1\"><span><strong>Actualizaci\u00f3n<\/strong>: cada situaci\u00f3n requiere un estudio personalizado, pero tu web debe estar en todo momento actualizada, para que los usuarios que accedan a ella no se encuentren con desagradables sorpresas en forma de contenidos que ya no existen o t\u00fa mismo no ofrezcas un producto o servicio que tienes disponible y que no has subido a tu web. No todas las webs se rigen por el mismo patr\u00f3n en cuanto a los tiempos de actualizaci\u00f3n, pero todas coinciden en que deben estar al d\u00ed<\/span><\/li>\n<\/ul>\n<p>Algunos de nuestros clientes:<\/p>\n<p>[\/et_pb_text][et_pb_text _builder_version=\u00bb4.19.3&#8243; _module_preset=\u00bbdefault\u00bb global_colors_info=\u00bb{}\u00bb]<\/p>\n<div class=\"d-flex\"><a href=\"https:\/\/www.facebook.com\/AUDI-Serramovil-ELCHE-Olezamovil-ORIHUELA-Elmovil-ELDA-PETRER-1595660377141351\/\" target=\"_blank\" rel=\"noopener\"><img decoding=\"async\" src=\"http:\/\/cacahuetecomunicacion.com\/blog\/wp-content\/uploads\/2017\/04\/audi-1.png\" width=\"\" \/><\/a><br \/>\n<a href=\"https:\/\/www.facebook.com\/VolkswagenElcheOrihuelaEldaPetrer\/\" target=\"_blank\" rel=\"noopener\"><img decoding=\"async\" src=\"http:\/\/cacahuetecomunicacion.com\/blog\/wp-content\/uploads\/2017\/04\/logo-vw.jpg\" width=\"\" \/><\/a><br \/>\n<a href=\"https:\/\/www.facebook.com\/skodaremeicaralicante\/\" target=\"_blank\" rel=\"noopener\"><img decoding=\"async\" src=\"http:\/\/cacahuetecomunicacion.com\/blog\/wp-content\/uploads\/2017\/04\/logo-skoda.jpg\" width=\"\" \/><\/a><br \/>\n<a href=\"https:\/\/www.facebook.com\/SEAT-Serrauto-ELCHE-TORREVIEJA-SANTA-POLA-Olezamotor-ORIHUELA-440148562993313\/\" target=\"_blank\" rel=\"noopener\"><img decoding=\"async\" src=\"http:\/\/cacahuetecomunicacion.com\/blog\/wp-content\/uploads\/2017\/04\/logo-seat.png\" width=\"\" \/><\/a><br \/>\n<a href=\"https:\/\/www.facebook.com\/Volkswagen-Veh%C3%ADculos-Comerciales-Serramovil-ELCHE-ORIHUELA-ELDA-PETRER-174373909745595\/\" target=\"_blank\" rel=\"noopener\"><img decoding=\"async\" src=\"http:\/\/cacahuetecomunicacion.com\/blog\/wp-content\/uploads\/2017\/04\/logo-vw-comerciales.png\" width=\"\" \/><\/a><\/div>\n<div class=\"d-flex\"><a href=\"https:\/\/www.yamaha-motor.eu\/es\/index.aspx#\" target=\"_blank\" rel=\"noopener\"><img decoding=\"async\" src=\"http:\/\/cacahuetecomunicacion.com\/blog\/wp-content\/uploads\/2018\/02\/logos_clientes_yamaha.jpg\" width=\"\" \/><\/a><br \/>\n<a href=\"https:\/\/www.zeniaboulevard.es\" target=\"_blank\" rel=\"noopener\"><img decoding=\"async\" src=\"https:\/\/cacahuetecomunicacion.com\/blog\/wp-content\/uploads\/2020\/01\/Zenia-Logo2.jpg\" width=\"\" \/><\/a><br \/>\n<a href=\"http:\/\/oxizonia.com\/\" target=\"_blank\" rel=\"noopener\"><img decoding=\"async\" src=\"http:\/\/cacahuetecomunicacion.com\/blog\/wp-content\/uploads\/2018\/02\/logos_clientes_oxizonia.jpg\" width=\"\" \/><\/a><br \/>\n<a href=\"https:\/\/www.urbaser.com\/\" target=\"_blank\" rel=\"noopener\"><img decoding=\"async\" src=\"https:\/\/cacahuetecomunicacion.com\/blog\/wp-content\/uploads\/2020\/01\/Logo-Urbaser-OK.jpg\" width=\"\" \/><\/a><br \/>\n<a href=\"https:\/\/www.feria-alicante.com\" target=\"_blank\" rel=\"noopener\"><img decoding=\"async\" src=\"https:\/\/cacahuetecomunicacion.com\/blog\/wp-content\/uploads\/2020\/01\/IFA-logo.png\" width=\"\" \/><\/a><\/div>\n<p>[\/et_pb_text][\/et_pb_column][\/et_pb_row][\/et_pb_section]<\/p>\n","protected":false},"excerpt":{"rendered":"<p>WEB \u00bfPor qu\u00e9 es importante tener un buen sitio\u00a0web? SITIO WEB Y PRESENCIA EN INTERNET Creaci\u00f3n de p\u00e1ginas web a medida para explotar todas las posibilidades y conseguir los objetivos. Nuestras webs son \u00fanicas, hechas sin plantillas y adaptadas a cada proyecto. \u00a0La presencia en Internet, hoy en d\u00eda, es tu carta de presentaci\u00f3n ante [&hellip;]<\/p>\n","protected":false},"author":1,"featured_media":0,"parent":0,"menu_order":0,"comment_status":"open","ping_status":"open","template":"","meta":{"_et_pb_use_builder":"on","_et_pb_old_content":"[vc_row][vc_column][trx_section bg_color=\"#363842\"][trx_block align=\"center\"][trx_content top=\"50px\" bottom=\"2.5em\"][trx_title align=\"center\" color=\"#ffffff\" weight=\"700\"]\r\n<p style=\"text-align: center;\">\"<span style=\"font-weight: 400;\">\u00bfPor qu\u00e9 es importante tener un buen sitio <strong>web<\/strong>?<\/span>\"<\/p>\r\n[\/trx_title][trx_highlight type=\"0\" color=\"#ffffff\" size=\"18\"]SITIO WEB Y PRESENCIA EN INTERNET\r\n\r\nCreaci\u00f3n de p\u00e1ginas web a medida para explotar todas las posibilidades y conseguir los objetivos. Nuestras webs son \u00fanicas, hechas sin plantillas y adaptadas a cada proyecto.\r\n\r\nPrecios desde 2.500 euros[\/trx_highlight][\/trx_content][\/trx_block][\/trx_section][\/vc_column][vc_column][trx_line][trx_image url=\"4560\"][\/vc_column][\/vc_row][vc_row][vc_column][trx_section][trx_content top=\"85px\" bottom=\"2.5em\"][trx_columns count=\"1\"][trx_column_item][trx_highlight type=\"0\"]<span style=\"font-weight: 400;\">\u00a0La presencia en Internet, hoy en d\u00eda, es tu carta de presentaci\u00f3n ante el mundo y en Cacahuete Comunicaci\u00f3n nos encargamos de que cumpla con unos c\u00e1nones de calidad acordes a la importancia de la tarea que se nos encomienda.<\/span>\r\n\r\n<span style=\"font-weight: 400;\"><strong>Objetivos<\/strong> que nos marcamos para conseguir que tu web muestre la presencia en Internet acorde a la imagen que queremos trasladar:<\/span>[\/trx_highlight][\/trx_column_item][\/trx_columns][trx_columns count=\"3\"][trx_column_item][trx_image url=\"4527\"][\/trx_column_item][trx_column_item span=\"2\"][trx_highlight type=\"0\"]\r\n<ul>\r\n \t<li style=\"font-weight: 400;\" aria-level=\"1\"><span style=\"font-weight: 400;\"><strong>SEO<\/strong>: no te vamos a dar un curso de experto en t\u00e9rminos de estrategias y t\u00e9cnicas de optimizaci\u00f3n para p\u00e1ginas web (aunque si lo necesitas estaremos encantados de hacerlo), pero debes saber que un buen SEO es clave para un buen sitio web. Principalmente porque su finalidad es conseguir que tu sitio aparezca bien posicionado en los buscadores de Internet (Google, Yahoo, YouTube\u2026), por lo que quienes te busquen a ti o t\u00e9rminos relacionados con lo que ofreces en tu web, te encontrar\u00e1n con mayor probabilidad\u00a0<\/span><\/li>\r\n \t<li style=\"font-weight: 400;\" aria-level=\"1\"><span style=\"font-weight: 400;\"><strong>Estructura<\/strong>: sencilla e intuitiva. Nos encargamos de recoger todas tus ideas, darles forma y ordenarlas de tal modo que al usuario final le lleguen de una manera clara, sin l\u00edos a la hora de navegar por el sitio web\u00a0<\/span><\/li>\r\n \t<li style=\"font-weight: 400;\" aria-level=\"1\"><span style=\"font-weight: 400;\"><strong>Usabilidad<\/strong>: de nada sirve una gran propuesta si no se puede ejecutar o no llega a su emisor. Es fundamental que todo lo que proponemos en la web pueda finalizarse. Una p\u00e1gina que no cumple este requisito o con una usabilidad compleja provocar\u00e1 rechazo al usuario la pr\u00f3xima vez que busque lo que nosotros ofrecemos<\/span><\/li>\r\n \t<li style=\"font-weight: 400;\" aria-level=\"1\"><span style=\"font-weight: 400;\"><strong>Dise\u00f1o<\/strong>: aunque la belleza est\u00e1 en el interior, somos conscientes de que el envoltorio tambi\u00e9n es importante, sobre todo en Internet. Por eso nos encargamos de realizar un dise\u00f1o acorde a tus necesidades. Nuestro equipo analizar\u00e1 tus caracter\u00edsticas, tus se\u00f1as de identidad y el mensaje que tratas de mostrar para crear tu imagen ante el mundo y que esta refleje c\u00f3mo te quieres mostrar ante \u00e9l<\/span><\/li>\r\n \t<li style=\"font-weight: 400;\" aria-level=\"1\"><span style=\"font-weight: 400;\"><strong>Actualizaci\u00f3n<\/strong>: cada situaci\u00f3n requiere un estudio personalizado, pero tu web debe estar en todo momento actualizada, para que los usuarios que accedan a ella no se encuentren con desagradables sorpresas en forma de contenidos que ya no existen o t\u00fa mismo no ofrezcas un producto o servicio que tienes disponible y que no has subido a tu web. No todas las webs se rigen por el mismo patr\u00f3n en cuanto a los tiempos de actualizaci\u00f3n, pero todas coinciden en que deben estar al d\u00eda<\/span><\/li>\r\n<\/ul>\r\n[\/trx_highlight][\/trx_column_item][\/trx_columns][trx_columns count=\"1\"][trx_column_item][\/trx_column_item][\/trx_columns][\/trx_content][\/trx_section][\/vc_column][\/vc_row][vc_row][vc_column][trx_section top=\"50\" bottom=\"50\"][trx_content][trx_highlight type=\"0\" size=\"50px\" line_height=\"50px\" style=\"font-weight: 600; letter-spacing: -2px;\"]\r\n<p style=\"text-align: center;\">Algunos de nuestros clientes:<\/p>\r\n[\/trx_highlight][vc_raw_html]JTNDY2VudGVyJTNFJTNDdGFibGUlMjBib3JkZXIlM0QwJTNFJTBBJTBBJTNDdHIlM0UlMEElM0N0ZCUzRSUwQSUzQ2ElMjBocmVmJTNEJTIyaHR0cHMlM0ElMkYlMkZ3d3cuZmFjZWJvb2suY29tJTJGQVVESS1TZXJyYW1vdmlsLUVMQ0hFLU9sZXphbW92aWwtT1JJSFVFTEEtRWxtb3ZpbC1FTERBLVBFVFJFUi0xNTk1NjYwMzc3MTQxMzUxJTJGJTIyJTIwdGFyZ2V0JTNEJTIyX2JsYW5rJTIyJTNFJTNDaW1nJTIwc3JjJTNEJTIyaHR0cCUzQSUyRiUyRmNhY2FodWV0ZWNvbXVuaWNhY2lvbi5jb20lMkZ3cC1jb250ZW50JTJGdXBsb2FkcyUyRjIwMTclMkYwNCUyRmF1ZGktMS5wbmclMjIlMjB3aWR0aCUzRDE4JTI1JTNFJTNDJTJGYSUzRSUwQSUzQ2ElMjBocmVmJTNEJTIyaHR0cHMlM0ElMkYlMkZ3d3cuZmFjZWJvb2suY29tJTJGVm9sa3N3YWdlbkVsY2hlT3JpaHVlbGFFbGRhUGV0cmVyJTJGJTIyJTIwdGFyZ2V0JTNEJTIyX2JsYW5rJTIyJTNFJTNDaW1nJTIwc3JjJTNEJTIyaHR0cCUzQSUyRiUyRmNhY2FodWV0ZWNvbXVuaWNhY2lvbi5jb20lMkZ3cC1jb250ZW50JTJGdXBsb2FkcyUyRjIwMTclMkYwNCUyRmxvZ28tdncuanBnJTIyJTIwd2lkdGglM0QxOCUyNSUzRSUzQyUyRmElM0UlMEElM0NhJTIwaHJlZiUzRCUyMmh0dHBzJTNBJTJGJTJGd3d3LmZhY2Vib29rLmNvbSUyRnNrb2RhcmVtZWljYXJhbGljYW50ZSUyRiUyMiUyMHRhcmdldCUzRCUyMl9ibGFuayUyMiUzRSUzQ2ltZyUyMHNyYyUzRCUyMmh0dHAlM0ElMkYlMkZjYWNhaHVldGVjb211bmljYWNpb24uY29tJTJGd3AtY29udGVudCUyRnVwbG9hZHMlMkYyMDE3JTJGMDQlMkZsb2dvLXNrb2RhLmpwZyUyMiUyMHdpZHRoJTNEMTglMjUlM0UlM0MlMkZhJTNFJTBBJTNDYSUyMGhyZWYlM0QlMjJodHRwcyUzQSUyRiUyRnd3dy5mYWNlYm9vay5jb20lMkZTRUFULVNlcnJhdXRvLUVMQ0hFLVRPUlJFVklFSkEtU0FOVEEtUE9MQS1PbGV6YW1vdG9yLU9SSUhVRUxBLTQ0MDE0ODU2Mjk5MzMxMyUyRiUyMiUyMHRhcmdldCUzRCUyMl9ibGFuayUyMiUzRSUzQ2ltZyUyMHNyYyUzRCUyMmh0dHAlM0ElMkYlMkZjYWNhaHVldGVjb211bmljYWNpb24uY29tJTJGd3AtY29udGVudCUyRnVwbG9hZHMlMkYyMDE3JTJGMDQlMkZsb2dvLXNlYXQucG5nJTIyJTIwd2lkdGglM0QxOCUyNSUzRSUzQyUyRmElM0UlMEElM0NhJTIwaHJlZiUzRCUyMmh0dHBzJTNBJTJGJTJGd3d3LmZhY2Vib29rLmNvbSUyRlZvbGtzd2FnZW4tVmVoJTI1QzMlMjVBRGN1bG9zLUNvbWVyY2lhbGVzLVNlcnJhbW92aWwtRUxDSEUtT1JJSFVFTEEtRUxEQS1QRVRSRVItMTc0MzczOTA5NzQ1NTk1JTJGJTIyJTIwdGFyZ2V0JTNEJTIyX2JsYW5rJTIyJTNFJTNDaW1nJTIwc3JjJTNEJTIyaHR0cCUzQSUyRiUyRmNhY2FodWV0ZWNvbXVuaWNhY2lvbi5jb20lMkZ3cC1jb250ZW50JTJGdXBsb2FkcyUyRjIwMTclMkYwNCUyRmxvZ28tdnctY29tZXJjaWFsZXMucG5nJTIyJTIwd2lkdGglM0QxOCUyNSUzRSUzQyUyRmElM0UlMEElM0MlMkZ0ZCUzRSUwQSUzQyUyRnRyJTNFJTBBJTBBJTNDdHIlM0UlMEElM0N0ZCUzRSUwQSUzQ2ElMjBocmVmJTNEJTIyaHR0cHMlM0ElMkYlMkZ3d3cueWFtYWhhLW1vdG9yLmV1JTJGZXMlMkZpbmRleC5hc3B4JTIzJTIyJTIwdGFyZ2V0JTNEJTIyX2JsYW5rJTIyJTNFJTNDaW1nJTIwc3JjJTNEJTIyaHR0cCUzQSUyRiUyRmNhY2FodWV0ZWNvbXVuaWNhY2lvbi5jb20lMkZ3cC1jb250ZW50JTJGdXBsb2FkcyUyRjIwMTglMkYwMiUyRmxvZ29zX2NsaWVudGVzX3lhbWFoYS5qcGclMjIlMjB3aWR0aCUzRDE4JTI1JTNFJTNDJTJGYSUzRSUwQSUzQ2ElMjBocmVmJTNEJTIyaHR0cHMlM0ElMkYlMkZ3d3cuemVuaWFib3VsZXZhcmQuZXMlMjIlMjB0YXJnZXQlM0QlMjJfYmxhbmslMjIlM0UlM0NpbWclMjBzcmMlM0QlMjJodHRwcyUzQSUyRiUyRmNhY2FodWV0ZWNvbXVuaWNhY2lvbi5jb20lMkZ3cC1jb250ZW50JTJGdXBsb2FkcyUyRjIwMjAlMkYwMSUyRlplbmlhLUxvZ28yLmpwZyUyMiUyMHdpZHRoJTNEMTglMjUlM0UlM0MlMkZhJTNFJTBBJTNDYSUyMGhyZWYlM0QlMjJodHRwJTNBJTJGJTJGb3hpem9uaWEuY29tJTJGJTIyJTIwdGFyZ2V0JTNEJTIyX2JsYW5rJTIyJTNFJTNDaW1nJTIwc3JjJTNEJTIyaHR0cCUzQSUyRiUyRmNhY2FodWV0ZWNvbXVuaWNhY2lvbi5jb20lMkZ3cC1jb250ZW50JTJGdXBsb2FkcyUyRjIwMTglMkYwMiUyRmxvZ29zX2NsaWVudGVzX294aXpvbmlhLmpwZyUyMiUyMHdpZHRoJTNEMTglMjUlM0UlM0MlMkZhJTNFJTBBJTNDYSUyMGhyZWYlM0QlMjJodHRwcyUzQSUyRiUyRnd3dy51cmJhc2VyLmNvbSUyRiUyMiUyMHRhcmdldCUzRCUyMl9ibGFuayUyMiUzRSUzQ2ltZyUyMHNyYyUzRCUyMmh0dHBzJTNBJTJGJTJGY2FjYWh1ZXRlY29tdW5pY2FjaW9uLmNvbSUyRndwLWNvbnRlbnQlMkZ1cGxvYWRzJTJGMjAyMCUyRjAxJTJGTG9nby1VcmJhc2VyLU9LLmpwZyUyMiUyMHdpZHRoJTNEMTglMjUlM0UlM0MlMkZhJTNFJTBBJTNDYSUyMGhyZWYlM0QlMjJodHRwcyUzQSUyRiUyRnd3dy5mZXJpYS1hbGljYW50ZS5jb20lMjIlMjB0YXJnZXQlM0QlMjJfYmxhbmslMjIlM0UlM0NpbWclMjBzcmMlM0QlMjJodHRwcyUzQSUyRiUyRmNhY2FodWV0ZWNvbXVuaWNhY2lvbi5jb20lMkZ3cC1jb250ZW50JTJGdXBsb2FkcyUyRjIwMjAlMkYwMSUyRklGQS1sb2dvLnBuZyUyMiUyMHdpZHRoJTNEMTglMjUlM0UlM0MlMkZhJTNFJTBBJTNDJTJGdGQlM0UlMEElM0MlMkZ0ciUzRSUwQSUwQSUzQyUyRnRhYmxlJTNFJTNDJTJGY2VudGVyJTNF[\/vc_raw_html][\/trx_content][\/trx_section][\/vc_column][\/vc_row]","_et_gb_content_width":""},"yoast_head":"<!-- This site is optimized with the Yoast SEO plugin v19.12 - https:\/\/yoast.com\/wordpress\/plugins\/seo\/ -->\n<title>Web - Cacahuete Comunicaci\u00f3n. Empresa de Comunicaci\u00f3n, Redes Sociales, Community Manager y Social Media en Elche.<\/title>\n<meta name=\"robots\" content=\"index, follow, max-snippet:-1, max-image-preview:large, max-video-preview:-1\" \/>\n<link rel=\"canonical\" href=\"https:\/\/cacahuetecomunicacion.com\/blog\/web\/\" \/>\n<meta property=\"og:locale\" content=\"es_ES\" \/>\n<meta property=\"og:type\" content=\"article\" \/>\n<meta property=\"og:title\" content=\"Web - Cacahuete Comunicaci\u00f3n. Empresa de Comunicaci\u00f3n, Redes Sociales, Community Manager y Social Media en Elche.\" \/>\n<meta property=\"og:description\" content=\"WEB \u00bfPor qu\u00e9 es importante tener un buen sitio\u00a0web? SITIO WEB Y PRESENCIA EN INTERNET Creaci\u00f3n de p\u00e1ginas web a medida para explotar todas las posibilidades y conseguir los objetivos. Nuestras webs son \u00fanicas, hechas sin plantillas y adaptadas a cada proyecto. \u00a0La presencia en Internet, hoy en d\u00eda, es tu carta de presentaci\u00f3n ante [&hellip;]\" \/>\n<meta property=\"og:url\" content=\"https:\/\/cacahuetecomunicacion.com\/blog\/web\/\" \/>\n<meta property=\"og:site_name\" content=\"Cacahuete Comunicaci\u00f3n. Empresa de Comunicaci\u00f3n, Redes Sociales, Community Manager y Social Media en Elche.\" \/>\n<meta property=\"article:modified_time\" content=\"2024-02-01T10:54:01+00:00\" \/>\n<meta property=\"og:image\" content=\"https:\/\/cacahuetecomunicacion.com\/blog\/wp-content\/uploads\/2024\/02\/CONBANDERA_KITDIGITAL.png\" \/>\n<meta name=\"twitter:card\" content=\"summary_large_image\" \/>\n<meta name=\"twitter:label1\" content=\"Tiempo de lectura\" \/>\n\t<meta name=\"twitter:data1\" content=\"3 minutos\" \/>\n<script type=\"application\/ld+json\" class=\"yoast-schema-graph\">{\"@context\":\"https:\/\/schema.org\",\"@graph\":[{\"@type\":\"WebPage\",\"@id\":\"https:\/\/cacahuetecomunicacion.com\/blog\/web\/\",\"url\":\"https:\/\/cacahuetecomunicacion.com\/blog\/web\/\",\"name\":\"Web - Cacahuete Comunicaci\u00f3n. Empresa de Comunicaci\u00f3n, Redes Sociales, Community Manager y Social Media en Elche.\",\"isPartOf\":{\"@id\":\"https:\/\/cacahuetecomunicacion.com\/blog\/#website\"},\"datePublished\":\"2022-01-19T17:42:31+00:00\",\"dateModified\":\"2024-02-01T10:54:01+00:00\",\"breadcrumb\":{\"@id\":\"https:\/\/cacahuetecomunicacion.com\/blog\/web\/#breadcrumb\"},\"inLanguage\":\"es\",\"potentialAction\":[{\"@type\":\"ReadAction\",\"target\":[\"https:\/\/cacahuetecomunicacion.com\/blog\/web\/\"]}]},{\"@type\":\"BreadcrumbList\",\"@id\":\"https:\/\/cacahuetecomunicacion.com\/blog\/web\/#breadcrumb\",\"itemListElement\":[{\"@type\":\"ListItem\",\"position\":1,\"name\":\"Portada\",\"item\":\"https:\/\/cacahuetecomunicacion.com\/blog\/\"},{\"@type\":\"ListItem\",\"position\":2,\"name\":\"Web\"}]},{\"@type\":\"WebSite\",\"@id\":\"https:\/\/cacahuetecomunicacion.com\/blog\/#website\",\"url\":\"https:\/\/cacahuetecomunicacion.com\/blog\/\",\"name\":\"Cacahuete Comunicaci\u00f3n. Empresa de Comunicaci\u00f3n, Redes Sociales, Community Manager y Social Media en Elche.\",\"description\":\"Cacahuete Comunicaci\u00f3n. Empresa de Comunicaci\u00f3n, Redes Sociales, Community Manager y Social Media en Elche.\",\"potentialAction\":[{\"@type\":\"SearchAction\",\"target\":{\"@type\":\"EntryPoint\",\"urlTemplate\":\"https:\/\/cacahuetecomunicacion.com\/blog\/?s={search_term_string}\"},\"query-input\":\"required name=search_term_string\"}],\"inLanguage\":\"es\"}]}<\/script>\n<!-- \/ Yoast SEO plugin. -->","yoast_head_json":{"title":"Web - Cacahuete Comunicaci\u00f3n. Empresa de Comunicaci\u00f3n, Redes Sociales, Community Manager y Social Media en Elche.","robots":{"index":"index","follow":"follow","max-snippet":"max-snippet:-1","max-image-preview":"max-image-preview:large","max-video-preview":"max-video-preview:-1"},"canonical":"https:\/\/cacahuetecomunicacion.com\/blog\/web\/","og_locale":"es_ES","og_type":"article","og_title":"Web - Cacahuete Comunicaci\u00f3n. Empresa de Comunicaci\u00f3n, Redes Sociales, Community Manager y Social Media en Elche.","og_description":"WEB \u00bfPor qu\u00e9 es importante tener un buen sitio\u00a0web? SITIO WEB Y PRESENCIA EN INTERNET Creaci\u00f3n de p\u00e1ginas web a medida para explotar todas las posibilidades y conseguir los objetivos. Nuestras webs son \u00fanicas, hechas sin plantillas y adaptadas a cada proyecto. \u00a0La presencia en Internet, hoy en d\u00eda, es tu carta de presentaci\u00f3n ante [&hellip;]","og_url":"https:\/\/cacahuetecomunicacion.com\/blog\/web\/","og_site_name":"Cacahuete Comunicaci\u00f3n. Empresa de Comunicaci\u00f3n, Redes Sociales, Community Manager y Social Media en Elche.","article_modified_time":"2024-02-01T10:54:01+00:00","og_image":[{"url":"https:\/\/cacahuetecomunicacion.com\/blog\/wp-content\/uploads\/2024\/02\/CONBANDERA_KITDIGITAL.png"}],"twitter_card":"summary_large_image","twitter_misc":{"Tiempo de lectura":"3 minutos"},"schema":{"@context":"https:\/\/schema.org","@graph":[{"@type":"WebPage","@id":"https:\/\/cacahuetecomunicacion.com\/blog\/web\/","url":"https:\/\/cacahuetecomunicacion.com\/blog\/web\/","name":"Web - Cacahuete Comunicaci\u00f3n. Empresa de Comunicaci\u00f3n, Redes Sociales, Community Manager y Social Media en Elche.","isPartOf":{"@id":"https:\/\/cacahuetecomunicacion.com\/blog\/#website"},"datePublished":"2022-01-19T17:42:31+00:00","dateModified":"2024-02-01T10:54:01+00:00","breadcrumb":{"@id":"https:\/\/cacahuetecomunicacion.com\/blog\/web\/#breadcrumb"},"inLanguage":"es","potentialAction":[{"@type":"ReadAction","target":["https:\/\/cacahuetecomunicacion.com\/blog\/web\/"]}]},{"@type":"BreadcrumbList","@id":"https:\/\/cacahuetecomunicacion.com\/blog\/web\/#breadcrumb","itemListElement":[{"@type":"ListItem","position":1,"name":"Portada","item":"https:\/\/cacahuetecomunicacion.com\/blog\/"},{"@type":"ListItem","position":2,"name":"Web"}]},{"@type":"WebSite","@id":"https:\/\/cacahuetecomunicacion.com\/blog\/#website","url":"https:\/\/cacahuetecomunicacion.com\/blog\/","name":"Cacahuete Comunicaci\u00f3n. Empresa de Comunicaci\u00f3n, Redes Sociales, Community Manager y Social Media en Elche.","description":"Cacahuete Comunicaci\u00f3n. Empresa de Comunicaci\u00f3n, Redes Sociales, Community Manager y Social Media en Elche.","potentialAction":[{"@type":"SearchAction","target":{"@type":"EntryPoint","urlTemplate":"https:\/\/cacahuetecomunicacion.com\/blog\/?s={search_term_string}"},"query-input":"required name=search_term_string"}],"inLanguage":"es"}]}},"_links":{"self":[{"href":"https:\/\/cacahuetecomunicacion.com\/blog\/wp-json\/wp\/v2\/pages\/4519"}],"collection":[{"href":"https:\/\/cacahuetecomunicacion.com\/blog\/wp-json\/wp\/v2\/pages"}],"about":[{"href":"https:\/\/cacahuetecomunicacion.com\/blog\/wp-json\/wp\/v2\/types\/page"}],"author":[{"embeddable":true,"href":"https:\/\/cacahuetecomunicacion.com\/blog\/wp-json\/wp\/v2\/users\/1"}],"replies":[{"embeddable":true,"href":"https:\/\/cacahuetecomunicacion.com\/blog\/wp-json\/wp\/v2\/comments?post=4519"}],"version-history":[{"count":15,"href":"https:\/\/cacahuetecomunicacion.com\/blog\/wp-json\/wp\/v2\/pages\/4519\/revisions"}],"predecessor-version":[{"id":4707,"href":"https:\/\/cacahuetecomunicacion.com\/blog\/wp-json\/wp\/v2\/pages\/4519\/revisions\/4707"}],"wp:attachment":[{"href":"https:\/\/cacahuetecomunicacion.com\/blog\/wp-json\/wp\/v2\/media?parent=4519"}],"curies":[{"name":"wp","href":"https:\/\/api.w.org\/{rel}","templated":true}]}}