{"id":4575,"date":"2022-11-17T11:47:07","date_gmt":"2022-11-17T10:47:07","guid":{"rendered":"https:\/\/cacahuetecomunicacion.com\/?page_id=4575"},"modified":"2024-09-25T10:57:11","modified_gmt":"2024-09-25T08:57:11","slug":"kitdigital","status":"publish","type":"page","link":"https:\/\/cacahuetecomunicacion.com\/blog\/kitdigital\/","title":{"rendered":"KitDigital"},"content":{"rendered":"<p>[et_pb_section fb_built=\u00bb1&#8243; admin_label=\u00bbsection\u00bb _builder_version=\u00bb4.19.3&#8243; background_color=\u00bbrgba(33,37,41,0.08)\u00bb custom_padding=\u00bb100px||||false|false\u00bb global_colors_info=\u00bb{}\u00bb][et_pb_row admin_label=\u00bbrow\u00bb _builder_version=\u00bb4.16&#8243; background_size=\u00bbinitial\u00bb background_position=\u00bbtop_left\u00bb background_repeat=\u00bbrepeat\u00bb global_colors_info=\u00bb{}\u00bb][et_pb_column type=\u00bb4_4&#8243; _builder_version=\u00bb4.16&#8243; custom_padding=\u00bb|||\u00bb global_colors_info=\u00bb{}\u00bb custom_padding__hover=\u00bb|||\u00bb][et_pb_text admin_label=\u00bbText\u00bb _builder_version=\u00bb4.19.3&#8243; background_size=\u00bbinitial\u00bb background_position=\u00bbtop_left\u00bb background_repeat=\u00bbrepeat\u00bb hover_enabled=\u00bb0&#8243; global_colors_info=\u00bb{}\u00bb sticky_enabled=\u00bb0&#8243;]<\/p>\n<h3 style=\"text-align: center;\"><span style=\"font-weight: 400; color: #3e1980;\">Kit Digital<\/span><\/h3>\n<p><img decoding=\"async\" loading=\"lazy\" src=\"https:\/\/cacahuetecomunicacion.com\/blog\/wp-content\/uploads\/2024\/02\/CONBANDERA_KITDIGITAL.png\" width=\"929\" height=\"87\" alt=\"\" class=\"wp-image-4702 aligncenter size-full\" \/><\/p>\n<p style=\"text-align: center;\"><strong>Elige tu opci\u00f3n de Digitalizaci\u00f3n<\/strong><\/p>\n<p>[\/et_pb_text][\/et_pb_column][\/et_pb_row][et_pb_row column_structure=\u00bb1_4,1_4,1_4,1_4&#8243; _builder_version=\u00bb4.19.3&#8243; _module_preset=\u00bbdefault\u00bb hover_enabled=\u00bb0&#8243; global_colors_info=\u00bb{}\u00bb sticky_enabled=\u00bb0&#8243;][et_pb_column type=\u00bb1_4&#8243; _builder_version=\u00bb4.19.3&#8243; _module_preset=\u00bbdefault\u00bb global_colors_info=\u00bb{}\u00bb][et_pb_button button_url=\u00bbhttps:\/\/cacahuetecomunicacion.com\/blog\/rrss\u00bb button_text=\u00bbGesti\u00f3n de RRSS\u00bb _builder_version=\u00bb4.19.3&#8243; _module_preset=\u00bbdefault\u00bb global_colors_info=\u00bb{}\u00bb][\/et_pb_button][\/et_pb_column][et_pb_column type=\u00bb1_4&#8243; _builder_version=\u00bb4.19.3&#8243; _module_preset=\u00bbdefault\u00bb global_colors_info=\u00bb{}\u00bb][et_pb_button button_url=\u00bbhttps:\/\/cacahuetecomunicacion.com\/blog\/web\u00bb button_text=\u00bbWeb\u00bb _builder_version=\u00bb4.19.3&#8243; _module_preset=\u00bbdefault\u00bb global_colors_info=\u00bb{}\u00bb][\/et_pb_button][\/et_pb_column][et_pb_column type=\u00bb1_4&#8243; _builder_version=\u00bb4.19.3&#8243; _module_preset=\u00bbdefault\u00bb global_colors_info=\u00bb{}\u00bb][et_pb_button button_url=\u00bbhttps:\/\/cacahuetecomunicacion.com\/blog\/ecommerce\u00bb button_text=\u00bbEcommerce\u00bb _builder_version=\u00bb4.19.3&#8243; _module_preset=\u00bbdefault\u00bb global_colors_info=\u00bb{}\u00bb][\/et_pb_button][\/et_pb_column][et_pb_column type=\u00bb1_4&#8243; _builder_version=\u00bb4.19.3&#8243; _module_preset=\u00bbdefault\u00bb global_colors_info=\u00bb{}\u00bb][et_pb_button button_url=\u00bbhttps:\/\/cacahuetecomunicacion.com\/blog\/seo\u00bb button_text=\u00bbSEO Avanzado\u00bb _builder_version=\u00bb4.19.3&#8243; _module_preset=\u00bbdefault\u00bb global_colors_info=\u00bb{}\u00bb][\/et_pb_button][\/et_pb_column][\/et_pb_row][\/et_pb_section]<\/p>\n","protected":false},"excerpt":{"rendered":"<p>Kit Digital Elige tu opci\u00f3n de Digitalizaci\u00f3n<\/p>\n","protected":false},"author":1,"featured_media":0,"parent":0,"menu_order":0,"comment_status":"open","ping_status":"open","template":"","meta":{"_et_pb_use_builder":"on","_et_pb_old_content":"[vc_row][vc_column][trx_section bg_color=\"#363842\"][trx_block align=\"center\"][trx_content top=\"50px\" bottom=\"2.5em\"][trx_title align=\"center\" color=\"#ffffff\" weight=\"700\"]\r\n<p style=\"text-align: center;\"><span style=\"font-weight: 400;\"><strong>Kit Digital<\/strong><\/span><\/p>\r\n[\/trx_title][trx_highlight type=\"0\" color=\"#ffffff\" size=\"18\"]\r\n<p style=\"text-align: center;\"><strong>Elige tu opci\u00f3n de Digitalizaci\u00f3n<\/strong><\/p>\r\n[\/trx_highlight][vc_btn title=\"Gesti\u00f3n de RRSS\" link=\"url:https%3A%2F%2Fcacahuetecomunicacion.com%2Frrss%2F|||\"][vc_btn title=\"Web\" link=\"url:https%3A%2F%2Fcacahuetecomunicacion.com%2Fweb%2F|||\"][vc_btn title=\"Ecommerce\" link=\"url:https%3A%2F%2Fcacahuetecomunicacion.com%2Fecommerce%2F|||\"][\/trx_content][\/trx_block][\/trx_section][\/vc_column][vc_column][trx_line][trx_image url=\"4560\"][\/vc_column][\/vc_row][vc_row][vc_column][trx_section][\/trx_section][\/vc_column][\/vc_row][vc_row][vc_column][trx_section top=\"50\" bottom=\"50\"][trx_content][trx_highlight type=\"0\" size=\"50px\" line_height=\"50px\" style=\"font-weight: 600; letter-spacing: -2px;\"]\r\n<p style=\"text-align: center;\">Algunos de nuestros clientes:<\/p>\r\n[\/trx_highlight][vc_raw_html]PHA+SSBhbSByYXcgaHRtbCBibG9jay48YnIvPkNsaWNrIGVkaXQgYnV0dG9uIHRvIGNoYW5nZSB0aGlzIGh0bWw8L3A+[\/vc_raw_html][\/trx_content][\/trx_section][\/vc_column][\/vc_row]","_et_gb_content_width":""},"yoast_head":"<!-- This site is optimized with the Yoast SEO plugin v19.12 - https:\/\/yoast.com\/wordpress\/plugins\/seo\/ -->\n<title>KitDigital - Cacahuete Comunicaci\u00f3n. Empresa de Comunicaci\u00f3n, Redes Sociales, Community Manager y Social Media en Elche.<\/title>\n<meta name=\"robots\" content=\"index, follow, max-snippet:-1, max-image-preview:large, max-video-preview:-1\" \/>\n<link rel=\"canonical\" href=\"https:\/\/cacahuetecomunicacion.com\/blog\/kitdigital\/\" \/>\n<meta property=\"og:locale\" content=\"es_ES\" \/>\n<meta property=\"og:type\" content=\"article\" \/>\n<meta property=\"og:title\" content=\"KitDigital - Cacahuete Comunicaci\u00f3n. Empresa de Comunicaci\u00f3n, Redes Sociales, Community Manager y Social Media en Elche.\" \/>\n<meta property=\"og:description\" content=\"Kit Digital Elige tu opci\u00f3n de Digitalizaci\u00f3n\" \/>\n<meta property=\"og:url\" content=\"https:\/\/cacahuetecomunicacion.com\/blog\/kitdigital\/\" \/>\n<meta property=\"og:site_name\" content=\"Cacahuete Comunicaci\u00f3n. Empresa de Comunicaci\u00f3n, Redes Sociales, Community Manager y Social Media en Elche.\" \/>\n<meta property=\"article:modified_time\" content=\"2024-09-25T08:57:11+00:00\" \/>\n<meta property=\"og:image\" content=\"https:\/\/cacahuetecomunicacion.com\/blog\/wp-content\/uploads\/2024\/02\/CONBANDERA_KITDIGITAL.png\" \/>\n<meta name=\"twitter:card\" content=\"summary_large_image\" \/>\n<meta name=\"twitter:label1\" content=\"Tiempo de lectura\" \/>\n\t<meta name=\"twitter:data1\" content=\"1 minuto\" \/>\n<script type=\"application\/ld+json\" class=\"yoast-schema-graph\">{\"@context\":\"https:\/\/schema.org\",\"@graph\":[{\"@type\":\"WebPage\",\"@id\":\"https:\/\/cacahuetecomunicacion.com\/blog\/kitdigital\/\",\"url\":\"https:\/\/cacahuetecomunicacion.com\/blog\/kitdigital\/\",\"name\":\"KitDigital - Cacahuete Comunicaci\u00f3n. Empresa de Comunicaci\u00f3n, Redes Sociales, Community Manager y Social Media en Elche.\",\"isPartOf\":{\"@id\":\"https:\/\/cacahuetecomunicacion.com\/blog\/#website\"},\"datePublished\":\"2022-11-17T10:47:07+00:00\",\"dateModified\":\"2024-09-25T08:57:11+00:00\",\"breadcrumb\":{\"@id\":\"https:\/\/cacahuetecomunicacion.com\/blog\/kitdigital\/#breadcrumb\"},\"inLanguage\":\"es\",\"potentialAction\":[{\"@type\":\"ReadAction\",\"target\":[\"https:\/\/cacahuetecomunicacion.com\/blog\/kitdigital\/\"]}]},{\"@type\":\"BreadcrumbList\",\"@id\":\"https:\/\/cacahuetecomunicacion.com\/blog\/kitdigital\/#breadcrumb\",\"itemListElement\":[{\"@type\":\"ListItem\",\"position\":1,\"name\":\"Portada\",\"item\":\"https:\/\/cacahuetecomunicacion.com\/blog\/\"},{\"@type\":\"ListItem\",\"position\":2,\"name\":\"KitDigital\"}]},{\"@type\":\"WebSite\",\"@id\":\"https:\/\/cacahuetecomunicacion.com\/blog\/#website\",\"url\":\"https:\/\/cacahuetecomunicacion.com\/blog\/\",\"name\":\"Cacahuete Comunicaci\u00f3n. Empresa de Comunicaci\u00f3n, Redes Sociales, Community Manager y Social Media en Elche.\",\"description\":\"Cacahuete Comunicaci\u00f3n. Empresa de Comunicaci\u00f3n, Redes Sociales, Community Manager y Social Media en Elche.\",\"potentialAction\":[{\"@type\":\"SearchAction\",\"target\":{\"@type\":\"EntryPoint\",\"urlTemplate\":\"https:\/\/cacahuetecomunicacion.com\/blog\/?s={search_term_string}\"},\"query-input\":\"required name=search_term_string\"}],\"inLanguage\":\"es\"}]}<\/script>\n<!-- \/ Yoast SEO plugin. -->","yoast_head_json":{"title":"KitDigital - Cacahuete Comunicaci\u00f3n. Empresa de Comunicaci\u00f3n, Redes Sociales, Community Manager y Social Media en Elche.","robots":{"index":"index","follow":"follow","max-snippet":"max-snippet:-1","max-image-preview":"max-image-preview:large","max-video-preview":"max-video-preview:-1"},"canonical":"https:\/\/cacahuetecomunicacion.com\/blog\/kitdigital\/","og_locale":"es_ES","og_type":"article","og_title":"KitDigital - Cacahuete Comunicaci\u00f3n. Empresa de Comunicaci\u00f3n, Redes Sociales, Community Manager y Social Media en Elche.","og_description":"Kit Digital Elige tu opci\u00f3n de Digitalizaci\u00f3n","og_url":"https:\/\/cacahuetecomunicacion.com\/blog\/kitdigital\/","og_site_name":"Cacahuete Comunicaci\u00f3n. Empresa de Comunicaci\u00f3n, Redes Sociales, Community Manager y Social Media en Elche.","article_modified_time":"2024-09-25T08:57:11+00:00","og_image":[{"url":"https:\/\/cacahuetecomunicacion.com\/blog\/wp-content\/uploads\/2024\/02\/CONBANDERA_KITDIGITAL.png"}],"twitter_card":"summary_large_image","twitter_misc":{"Tiempo de lectura":"1 minuto"},"schema":{"@context":"https:\/\/schema.org","@graph":[{"@type":"WebPage","@id":"https:\/\/cacahuetecomunicacion.com\/blog\/kitdigital\/","url":"https:\/\/cacahuetecomunicacion.com\/blog\/kitdigital\/","name":"KitDigital - Cacahuete Comunicaci\u00f3n. Empresa de Comunicaci\u00f3n, Redes Sociales, Community Manager y Social Media en Elche.","isPartOf":{"@id":"https:\/\/cacahuetecomunicacion.com\/blog\/#website"},"datePublished":"2022-11-17T10:47:07+00:00","dateModified":"2024-09-25T08:57:11+00:00","breadcrumb":{"@id":"https:\/\/cacahuetecomunicacion.com\/blog\/kitdigital\/#breadcrumb"},"inLanguage":"es","potentialAction":[{"@type":"ReadAction","target":["https:\/\/cacahuetecomunicacion.com\/blog\/kitdigital\/"]}]},{"@type":"BreadcrumbList","@id":"https:\/\/cacahuetecomunicacion.com\/blog\/kitdigital\/#breadcrumb","itemListElement":[{"@type":"ListItem","position":1,"name":"Portada","item":"https:\/\/cacahuetecomunicacion.com\/blog\/"},{"@type":"ListItem","position":2,"name":"KitDigital"}]},{"@type":"WebSite","@id":"https:\/\/cacahuetecomunicacion.com\/blog\/#website","url":"https:\/\/cacahuetecomunicacion.com\/blog\/","name":"Cacahuete Comunicaci\u00f3n. Empresa de Comunicaci\u00f3n, Redes Sociales, Community Manager y Social Media en Elche.","description":"Cacahuete Comunicaci\u00f3n. Empresa de Comunicaci\u00f3n, Redes Sociales, Community Manager y Social Media en Elche.","potentialAction":[{"@type":"SearchAction","target":{"@type":"EntryPoint","urlTemplate":"https:\/\/cacahuetecomunicacion.com\/blog\/?s={search_term_string}"},"query-input":"required name=search_term_string"}],"inLanguage":"es"}]}},"_links":{"self":[{"href":"https:\/\/cacahuetecomunicacion.com\/blog\/wp-json\/wp\/v2\/pages\/4575"}],"collection":[{"href":"https:\/\/cacahuetecomunicacion.com\/blog\/wp-json\/wp\/v2\/pages"}],"about":[{"href":"https:\/\/cacahuetecomunicacion.com\/blog\/wp-json\/wp\/v2\/types\/page"}],"author":[{"embeddable":true,"href":"https:\/\/cacahuetecomunicacion.com\/blog\/wp-json\/wp\/v2\/users\/1"}],"replies":[{"embeddable":true,"href":"https:\/\/cacahuetecomunicacion.com\/blog\/wp-json\/wp\/v2\/comments?post=4575"}],"version-history":[{"count":17,"href":"https:\/\/cacahuetecomunicacion.com\/blog\/wp-json\/wp\/v2\/pages\/4575\/revisions"}],"predecessor-version":[{"id":4730,"href":"https:\/\/cacahuetecomunicacion.com\/blog\/wp-json\/wp\/v2\/pages\/4575\/revisions\/4730"}],"wp:attachment":[{"href":"https:\/\/cacahuetecomunicacion.com\/blog\/wp-json\/wp\/v2\/media?parent=4575"}],"curies":[{"name":"wp","href":"https:\/\/api.w.org\/{rel}","templated":true}]}}