{"id":4696,"date":"2024-01-31T23:36:53","date_gmt":"2024-01-31T22:36:53","guid":{"rendered":"https:\/\/cacahuetecomunicacion.com\/blog\/?page_id=4696"},"modified":"2024-02-01T11:53:21","modified_gmt":"2024-02-01T10:53:21","slug":"seo","status":"publish","type":"page","link":"https:\/\/cacahuetecomunicacion.com\/blog\/seo\/","title":{"rendered":"SEO Avanzado"},"content":{"rendered":"<p>[et_pb_section fb_built=\u00bb1&#8243; _builder_version=\u00bb4.19.3&#8243; _module_preset=\u00bbdefault\u00bb background_color=\u00bb#f9f9f9&#8243; global_colors_info=\u00bb{}\u00bb][et_pb_row _builder_version=\u00bb4.19.3&#8243; _module_preset=\u00bbdefault\u00bb global_colors_info=\u00bb{}\u00bb][et_pb_column type=\u00bb4_4&#8243; _builder_version=\u00bb4.19.3&#8243; _module_preset=\u00bbdefault\u00bb global_colors_info=\u00bb{}\u00bb][et_pb_text admin_label=\u00bbText\u00bb _builder_version=\u00bb4.19.3&#8243; header_text_align=\u00bbcenter\u00bb header_text_color=\u00bb#3E1980&#8243; header_font_size=\u00bb94px\u00bb background_size=\u00bbinitial\u00bb background_position=\u00bbtop_left\u00bb background_repeat=\u00bbrepeat\u00bb hover_enabled=\u00bb0&#8243; global_colors_info=\u00bb{}\u00bb sticky_enabled=\u00bb0&#8243;]<\/p>\n<h1>SEO AVANZADO<\/h1>\n<p><img decoding=\"async\" loading=\"lazy\" src=\"https:\/\/cacahuetecomunicacion.com\/blog\/wp-content\/uploads\/2024\/02\/CONBANDERA_KITDIGITAL.png\" width=\"3252\" height=\"303\" alt=\"\" class=\"wp-image-4702 aligncenter size-full\" srcset=\"https:\/\/cacahuetecomunicacion.com\/blog\/wp-content\/uploads\/2024\/02\/CONBANDERA_KITDIGITAL.png 3252w, https:\/\/cacahuetecomunicacion.com\/blog\/wp-content\/uploads\/2024\/02\/CONBANDERA_KITDIGITAL-480x45.png 480w\" sizes=\"(min-width: 0px) and (max-width: 480px) 480px, (min-width: 481px) 3252px, 100vw\" \/><\/p>\n<p style=\"text-align: center;\"><span style=\"font-weight: 400;\"><strong>\u00bfQu\u00e9 posicionamiento online tienes?<\/strong><\/span><\/p>\n<p style=\"text-align: center;\"><span style=\"font-weight: 400;\">En Cacahuete Comunicaci\u00f3n gestionamos tu posicionamiento a trav\u00e9s de la gesti\u00f3n de SEO avanzado. Haz que tu empresa llegue con el mensaje que deseas y cumple con los objetivos de alcance, tr\u00e1fico o leads.<\/span><\/p>\n<p style=\"text-align: center;\">Precios desde 1.000 euros<\/p>\n<div class=\"d-flex\"><\/div>\n<p>[\/et_pb_text][\/et_pb_column][\/et_pb_row][\/et_pb_section][et_pb_section fb_built=\u00bb1&#8243; admin_label=\u00bbsection\u00bb _builder_version=\u00bb4.16&#8243; custom_padding=\u00bb0px|||||\u00bb global_colors_info=\u00bb{}\u00bb][et_pb_row admin_label=\u00bbrow\u00bb _builder_version=\u00bb4.16&#8243; background_size=\u00bbinitial\u00bb background_position=\u00bbtop_left\u00bb background_repeat=\u00bbrepeat\u00bb global_colors_info=\u00bb{}\u00bb][et_pb_column type=\u00bb4_4&#8243; _builder_version=\u00bb4.16&#8243; custom_padding=\u00bb|||\u00bb global_colors_info=\u00bb{}\u00bb custom_padding__hover=\u00bb|||\u00bb][et_pb_text admin_label=\u00bbText\u00bb _builder_version=\u00bb4.19.3&#8243; header_text_align=\u00bbcenter\u00bb header_font_size=\u00bb94px\u00bb background_size=\u00bbinitial\u00bb background_position=\u00bbtop_left\u00bb background_repeat=\u00bbrepeat\u00bb global_colors_info=\u00bb{}\u00bb]<\/p>\n<p><strong>SEO Avanzado: Estrategias y T\u00e9cnicas para Optimizar tu Presencia en L\u00ednea<\/strong><\/p>\n<p>En la era digital actual, la visibilidad y el posicionamiento en los motores de b\u00fasqueda son cruciales para el \u00e9xito de cualquier negocio o marca personal. El SEO (Search Engine Optimization) avanzado va m\u00e1s all\u00e1 de las t\u00e1cticas b\u00e1sicas, sumergi\u00e9ndose en estrategias m\u00e1s profundas y t\u00e9cnicas sofisticadas para mejorar el ranking en p\u00e1ginas de resultados de motores de b\u00fasqueda como Google.<\/p>\n<p><strong>1. An\u00e1lisis de Competencia y Palabras Clave de Nicho:<\/strong><br \/>Para sobresalir en SEO, es esencial realizar un an\u00e1lisis exhaustivo de la competencia y encontrar palabras clave de nicho. Esto implica investigar y comprender las estrategias que est\u00e1n utilizando tus competidores m\u00e1s cercanos y encontrar t\u00e9rminos de b\u00fasqueda espec\u00edficos que tu p\u00fablico objetivo utiliza pero que son menos competitivos y m\u00e1s espec\u00edficos en tu industria.<\/p>\n<p><strong>2. Optimizaci\u00f3n T\u00e9cnica del Sitio Web:<\/strong><br \/>La optimizaci\u00f3n t\u00e9cnica es fundamental en el SEO avanzado. Esto incluye mejorar la velocidad de carga del sitio web, asegurar una experiencia de usuario m\u00f3vil amigable, y garantizar una arquitectura web l\u00f3gica. Tambi\u00e9n es crucial implementar correctamente etiquetas de encabezado, metadatos y atributos alt en im\u00e1genes para facilitar la indexaci\u00f3n por parte de los motores de b\u00fasqueda.<\/p>\n<p><strong>3. Creaci\u00f3n de Contenido de Alta Calidad y Relevante:<\/strong><br \/>El contenido sigue siendo el rey en el mundo del SEO. Crear contenido original, valioso y relevante que responda a las preguntas y necesidades de tu audiencia no solo atrae tr\u00e1fico sino que tambi\u00e9n establece la autoridad de tu sitio. Adem\u00e1s, la actualizaci\u00f3n regular de contenido existente puede mejorar significativamente tu posicionamiento.<\/p>\n<p><strong>4. Link Building y Estrategias de Backlinks:<\/strong><br \/>El desarrollo de una s\u00f3lida estrategia de link building es esencial en el SEO avanzado. Esto implica adquirir backlinks de alta calidad de sitios web relevantes y autoritarios. La calidad de los backlinks es crucial, ya que los enlaces de sitios web de baja calidad o irrelevantes pueden da\u00f1ar tu clasificaci\u00f3n.<\/p>\n<p><strong>5. SEO Local y B\u00fasqueda por Voz:<\/strong><br \/>En un mundo cada vez m\u00e1s m\u00f3vil, el SEO local y la optimizaci\u00f3n para la b\u00fasqueda por voz son cada vez m\u00e1s importantes. Optimizar para consultas locales y asegurarse de que tu sitio est\u00e9 preparado para consultas de b\u00fasqueda por voz puede posicionar tu negocio de manera efectiva para clientes potenciales en tu \u00e1rea.<\/p>\n<p><strong>6. An\u00e1lisis y Adaptaci\u00f3n Continua:<\/strong><br \/>Finalmente, el SEO no es un esfuerzo de una sola vez. Requiere an\u00e1lisis continuo y adaptaci\u00f3n a las cambiantes tendencias de b\u00fasqueda y algoritmos de motores de b\u00fasqueda. Utilizar herramientas de an\u00e1lisis para monitorear el rendimiento de tu sitio web y ajustar tu estrategia de SEO en consecuencia es crucial para mantener y mejorar tu posicionamiento en los motores de b\u00fasqueda.<\/p>\n<p>En conclusi\u00f3n, el SEO avanzado es un campo din\u00e1mico y en constante evoluci\u00f3n. Al mantenerse al d\u00eda con las \u00faltimas tendencias y aplicar t\u00e9cnicas sofisticadas, puedes aumentar significativamente la visibilidad y el ranking de tu sitio web en los motores de b\u00fasqueda, lo que a su vez puede llevar a un mayor tr\u00e1fico y \u00e9xito en tus esfuerzos en l\u00ednea.<\/p>\n<p>[\/et_pb_text][\/et_pb_column][\/et_pb_row][\/et_pb_section]<\/p>\n","protected":false},"excerpt":{"rendered":"<p>SEO AVANZADO \u00bfQu\u00e9 posicionamiento online tienes? En Cacahuete Comunicaci\u00f3n gestionamos tu posicionamiento a trav\u00e9s de la gesti\u00f3n de SEO avanzado. Haz que tu empresa llegue con el mensaje que deseas y cumple con los objetivos de alcance, tr\u00e1fico o leads. Precios desde 1.000 euros SEO Avanzado: Estrategias y T\u00e9cnicas para Optimizar tu Presencia en L\u00ednea [&hellip;]<\/p>\n","protected":false},"author":1,"featured_media":0,"parent":0,"menu_order":0,"comment_status":"open","ping_status":"open","template":"","meta":{"_et_pb_use_builder":"on","_et_pb_old_content":"[vc_row][vc_column][trx_section bg_color=\"#363842\"][trx_block align=\"center\"][trx_content top=\"50px\" bottom=\"2.5em\"][trx_title align=\"center\" color=\"#ffffff\" weight=\"700\"]\r\n<p style=\"text-align: center;\"><span style=\"font-weight: 400;\"><strong>\u00bfQu\u00e9 reputaci\u00f3n online tienes?<\/strong><\/span><\/p>\r\n[\/trx_title][trx_highlight type=\"0\" color=\"#ffffff\" size=\"18\"]\r\n<p style=\"text-align: center;\"><strong>Gesti\u00f3n de Redes Sociales<\/strong><\/p>\r\n<p style=\"text-align: center;\"><span style=\"font-weight: 400;\">En Cacahuete Comunicaci\u00f3n gestionamos tu reputaci\u00f3n a trav\u00e9s de la gesti\u00f3n de las RRSS. Haz que tu empresa llegue con el mensaje que deseas y cumple con los objetivos de alcance, tr\u00e1fico o leads.<\/span><\/p>\r\n<p style=\"text-align: center;\">Precios desde 500 euros<\/p>\r\n[\/trx_highlight][\/trx_content][\/trx_block][\/trx_section][\/vc_column][vc_column][trx_line][trx_image url=\"4560\"][\/vc_column][\/vc_row][vc_row][vc_column][trx_section][trx_content top=\"85px\" bottom=\"2.5em\"][trx_columns count=\"1\"][trx_column_item][trx_highlight type=\"0\"]<span style=\"font-weight: 400;\">Internet ya es mucho m\u00e1s que p\u00e1ginas webs. Las Redes Sociales resultan igual de importantes o, en algunos casos incluso m\u00e1s, que los propios sitios web, ya que el n\u00famero de usuarios que las utilizan a diario es alt\u00edsimo. Por este motivo, en Cacahuete Comunicaci\u00f3n realizamos una gesti\u00f3n profesional de tus Redes Sociales, tanto en el d\u00eda a d\u00eda de las publicaciones como en campa\u00f1as de posicionamiento de marca y venta.<\/span>[\/trx_highlight][\/trx_column_item][\/trx_columns][trx_columns count=\"3\"][trx_column_item][trx_image url=\"4538\"][\/trx_column_item][trx_column_item span=\"2\"][trx_highlight type=\"0\"]<span style=\"font-weight: 400;\">Facebook, Instagram, LinkedIn, Twitter, YouTube, Tik Tok\u2026 Y las que est\u00e1n por venir. El mundo de las Redes Sociales est\u00e1 en continua evoluci\u00f3n, por lo que su gesti\u00f3n requiere de una continua actualizaci\u00f3n y profesionalizaci\u00f3n. Tras un proceso de an\u00e1lisis para definir tu identidad digital m\u00e1s adecuada para redes implementaremos una estrategia en las publicaciones, siendo fieles a la imagen que queramos trasladar, tanto en el copy (texto) como en el dise\u00f1o de las im\u00e1genes.<\/span>\r\n\r\n&nbsp;\r\n\r\n<span style=\"font-weight: 400;\">Objetivos que nos marcamos en la estrategia de publicaciones:<\/span>\r\n\r\n&nbsp;\r\n<ul>\r\n \t<li style=\"font-weight: 400;\" aria-level=\"1\"><span style=\"font-weight: 400;\">Impulsar tu reconocimiento de marca a trav\u00e9s de publicaciones de calidad<\/span><\/li>\r\n \t<li style=\"font-weight: 400;\" aria-level=\"1\"><span style=\"font-weight: 400;\">Captar clientes hacia nuestra web e-commerce<\/span><\/li>\r\n \t<li style=\"font-weight: 400;\" aria-level=\"1\"><span style=\"font-weight: 400;\">Fidelizar a tus clientes<\/span><\/li>\r\n \t<li style=\"font-weight: 400;\" aria-level=\"1\"><span style=\"font-weight: 400;\">Generar sinergias entre clientes y futuros clientes<\/span><\/li>\r\n \t<li style=\"font-weight: 400;\" aria-level=\"1\"><span style=\"font-weight: 400;\">Reforzar tu servicio de atenci\u00f3n al cliente<\/span><\/li>\r\n<\/ul>\r\n&nbsp;\r\n\r\n<span style=\"font-weight: 400;\">Para completar la gesti\u00f3n de Redes Sociales, la estrategia de publicaciones se complementar\u00e1 con la ejecuci\u00f3n de campa\u00f1as en dichas redes para potenciar el trabajo realizado en la primera fase. Con las campa\u00f1as en Facebook, Instagram, Google o Twitter conseguiremos atraer a un p\u00fablico m\u00e1s interesado en los contenidos que ofrece tu empresa, ya que nos permiten especificar los objetivos a conseguir y segmentar nuestra audiencia.<\/span>\r\n\r\n&nbsp;\r\n\r\n<span style=\"font-weight: 400;\">Objetivos principales de las campa\u00f1as en redes sociales:<\/span>\r\n\r\n&nbsp;\r\n<ul>\r\n \t<li style=\"font-weight: 400;\" aria-level=\"1\"><span style=\"font-weight: 400;\"><strong>Posicionamiento de marca<\/strong>: promocionar el perfil de la empresa, incrementar el n\u00famero de seguidores\/me gusta, ampliar el alcance de tus publicaciones para que lleguen a m\u00e1s p\u00fablico, generar tr\u00e1fico hacia tu sitio web\u2026<\/span><\/li>\r\n \t<li style=\"font-weight: 400;\" aria-level=\"1\"><span style=\"font-weight: 400;\"><strong>Venta<\/strong>: conseguir leads (clientes potenciales), promocionar productos\/ofertas, dirigir a tus seguidores hacia el enlace de venta de tu e-commerce\u2026<\/span><\/li>\r\n<\/ul>\r\n[\/trx_highlight][\/trx_column_item][\/trx_columns][trx_columns count=\"1\"][trx_column_item][\/trx_column_item][\/trx_columns][\/trx_content][\/trx_section][\/vc_column][\/vc_row][vc_row][vc_column][trx_section top=\"50\" bottom=\"50\"][trx_content][trx_highlight type=\"0\" size=\"50px\" line_height=\"50px\" style=\"font-weight: 600; letter-spacing: -2px;\"]\r\n<p style=\"text-align: center;\">Algunos de nuestros clientes:<\/p>\r\n[\/trx_highlight][vc_raw_html]JTNDY2VudGVyJTNFJTNDdGFibGUlMjBib3JkZXIlM0QwJTNFJTBBJTBBJTNDdHIlM0UlMEElM0N0ZCUzRSUwQSUzQ2ElMjBocmVmJTNEJTIyaHR0cHMlM0ElMkYlMkZ3d3cuZmFjZWJvb2suY29tJTJGQVVESS1TZXJyYW1vdmlsLUVMQ0hFLU9sZXphbW92aWwtT1JJSFVFTEEtRWxtb3ZpbC1FTERBLVBFVFJFUi0xNTk1NjYwMzc3MTQxMzUxJTJGJTIyJTIwdGFyZ2V0JTNEJTIyX2JsYW5rJTIyJTNFJTNDaW1nJTIwc3JjJTNEJTIyaHR0cCUzQSUyRiUyRmNhY2FodWV0ZWNvbXVuaWNhY2lvbi5jb20lMkZ3cC1jb250ZW50JTJGdXBsb2FkcyUyRjIwMTclMkYwNCUyRmF1ZGktMS5wbmclMjIlMjB3aWR0aCUzRDE4JTI1JTNFJTNDJTJGYSUzRSUwQSUzQ2ElMjBocmVmJTNEJTIyaHR0cHMlM0ElMkYlMkZ3d3cuZmFjZWJvb2suY29tJTJGVm9sa3N3YWdlbkVsY2hlT3JpaHVlbGFFbGRhUGV0cmVyJTJGJTIyJTIwdGFyZ2V0JTNEJTIyX2JsYW5rJTIyJTNFJTNDaW1nJTIwc3JjJTNEJTIyaHR0cCUzQSUyRiUyRmNhY2FodWV0ZWNvbXVuaWNhY2lvbi5jb20lMkZ3cC1jb250ZW50JTJGdXBsb2FkcyUyRjIwMTclMkYwNCUyRmxvZ28tdncuanBnJTIyJTIwd2lkdGglM0QxOCUyNSUzRSUzQyUyRmElM0UlMEElM0NhJTIwaHJlZiUzRCUyMmh0dHBzJTNBJTJGJTJGd3d3LmZhY2Vib29rLmNvbSUyRnNrb2RhcmVtZWljYXJhbGljYW50ZSUyRiUyMiUyMHRhcmdldCUzRCUyMl9ibGFuayUyMiUzRSUzQ2ltZyUyMHNyYyUzRCUyMmh0dHAlM0ElMkYlMkZjYWNhaHVldGVjb211bmljYWNpb24uY29tJTJGd3AtY29udGVudCUyRnVwbG9hZHMlMkYyMDE3JTJGMDQlMkZsb2dvLXNrb2RhLmpwZyUyMiUyMHdpZHRoJTNEMTglMjUlM0UlM0MlMkZhJTNFJTBBJTNDYSUyMGhyZWYlM0QlMjJodHRwcyUzQSUyRiUyRnd3dy5mYWNlYm9vay5jb20lMkZTRUFULVNlcnJhdXRvLUVMQ0hFLVRPUlJFVklFSkEtU0FOVEEtUE9MQS1PbGV6YW1vdG9yLU9SSUhVRUxBLTQ0MDE0ODU2Mjk5MzMxMyUyRiUyMiUyMHRhcmdldCUzRCUyMl9ibGFuayUyMiUzRSUzQ2ltZyUyMHNyYyUzRCUyMmh0dHAlM0ElMkYlMkZjYWNhaHVldGVjb211bmljYWNpb24uY29tJTJGd3AtY29udGVudCUyRnVwbG9hZHMlMkYyMDE3JTJGMDQlMkZsb2dvLXNlYXQucG5nJTIyJTIwd2lkdGglM0QxOCUyNSUzRSUzQyUyRmElM0UlMEElM0NhJTIwaHJlZiUzRCUyMmh0dHBzJTNBJTJGJTJGd3d3LmZhY2Vib29rLmNvbSUyRlZvbGtzd2FnZW4tVmVoJTI1QzMlMjVBRGN1bG9zLUNvbWVyY2lhbGVzLVNlcnJhbW92aWwtRUxDSEUtT1JJSFVFTEEtRUxEQS1QRVRSRVItMTc0MzczOTA5NzQ1NTk1JTJGJTIyJTIwdGFyZ2V0JTNEJTIyX2JsYW5rJTIyJTNFJTNDaW1nJTIwc3JjJTNEJTIyaHR0cCUzQSUyRiUyRmNhY2FodWV0ZWNvbXVuaWNhY2lvbi5jb20lMkZ3cC1jb250ZW50JTJGdXBsb2FkcyUyRjIwMTclMkYwNCUyRmxvZ28tdnctY29tZXJjaWFsZXMucG5nJTIyJTIwd2lkdGglM0QxOCUyNSUzRSUzQyUyRmElM0UlMEElM0MlMkZ0ZCUzRSUwQSUzQyUyRnRyJTNFJTBBJTBBJTNDdHIlM0UlMEElM0N0ZCUzRSUwQSUzQ2ElMjBocmVmJTNEJTIyaHR0cHMlM0ElMkYlMkZ3d3cueWFtYWhhLW1vdG9yLmV1JTJGZXMlMkZpbmRleC5hc3B4JTIzJTIyJTIwdGFyZ2V0JTNEJTIyX2JsYW5rJTIyJTNFJTNDaW1nJTIwc3JjJTNEJTIyaHR0cCUzQSUyRiUyRmNhY2FodWV0ZWNvbXVuaWNhY2lvbi5jb20lMkZ3cC1jb250ZW50JTJGdXBsb2FkcyUyRjIwMTglMkYwMiUyRmxvZ29zX2NsaWVudGVzX3lhbWFoYS5qcGclMjIlMjB3aWR0aCUzRDE4JTI1JTNFJTNDJTJGYSUzRSUwQSUzQ2ElMjBocmVmJTNEJTIyaHR0cHMlM0ElMkYlMkZ3d3cuemVuaWFib3VsZXZhcmQuZXMlMjIlMjB0YXJnZXQlM0QlMjJfYmxhbmslMjIlM0UlM0NpbWclMjBzcmMlM0QlMjJodHRwcyUzQSUyRiUyRmNhY2FodWV0ZWNvbXVuaWNhY2lvbi5jb20lMkZ3cC1jb250ZW50JTJGdXBsb2FkcyUyRjIwMjAlMkYwMSUyRlplbmlhLUxvZ28yLmpwZyUyMiUyMHdpZHRoJTNEMTglMjUlM0UlM0MlMkZhJTNFJTBBJTNDYSUyMGhyZWYlM0QlMjJodHRwJTNBJTJGJTJGb3hpem9uaWEuY29tJTJGJTIyJTIwdGFyZ2V0JTNEJTIyX2JsYW5rJTIyJTNFJTNDaW1nJTIwc3JjJTNEJTIyaHR0cCUzQSUyRiUyRmNhY2FodWV0ZWNvbXVuaWNhY2lvbi5jb20lMkZ3cC1jb250ZW50JTJGdXBsb2FkcyUyRjIwMTglMkYwMiUyRmxvZ29zX2NsaWVudGVzX294aXpvbmlhLmpwZyUyMiUyMHdpZHRoJTNEMTglMjUlM0UlM0MlMkZhJTNFJTBBJTNDYSUyMGhyZWYlM0QlMjJodHRwcyUzQSUyRiUyRnd3dy51cmJhc2VyLmNvbSUyRiUyMiUyMHRhcmdldCUzRCUyMl9ibGFuayUyMiUzRSUzQ2ltZyUyMHNyYyUzRCUyMmh0dHBzJTNBJTJGJTJGY2FjYWh1ZXRlY29tdW5pY2FjaW9uLmNvbSUyRndwLWNvbnRlbnQlMkZ1cGxvYWRzJTJGMjAyMCUyRjAxJTJGTG9nby1VcmJhc2VyLU9LLmpwZyUyMiUyMHdpZHRoJTNEMTglMjUlM0UlM0MlMkZhJTNFJTBBJTNDYSUyMGhyZWYlM0QlMjJodHRwcyUzQSUyRiUyRnd3dy5mZXJpYS1hbGljYW50ZS5jb20lMjIlMjB0YXJnZXQlM0QlMjJfYmxhbmslMjIlM0UlM0NpbWclMjBzcmMlM0QlMjJodHRwcyUzQSUyRiUyRmNhY2FodWV0ZWNvbXVuaWNhY2lvbi5jb20lMkZ3cC1jb250ZW50JTJGdXBsb2FkcyUyRjIwMjAlMkYwMSUyRklGQS1sb2dvLnBuZyUyMiUyMHdpZHRoJTNEMTglMjUlM0UlM0MlMkZhJTNFJTBBJTNDJTJGdGQlM0UlMEElM0MlMkZ0ciUzRSUwQSUwQSUzQyUyRnRhYmxlJTNFJTNDJTJGY2VudGVyJTNF[\/vc_raw_html][\/trx_content][\/trx_section][\/vc_column][\/vc_row]","_et_gb_content_width":""},"yoast_head":"<!-- This site is optimized with the Yoast SEO plugin v19.12 - https:\/\/yoast.com\/wordpress\/plugins\/seo\/ -->\n<title>SEO Avanzado - Cacahuete Comunicaci\u00f3n. Empresa de Comunicaci\u00f3n, Redes Sociales, Community Manager y Social Media en Elche.<\/title>\n<meta name=\"robots\" content=\"index, follow, max-snippet:-1, max-image-preview:large, max-video-preview:-1\" \/>\n<link rel=\"canonical\" href=\"https:\/\/cacahuetecomunicacion.com\/blog\/seo\/\" \/>\n<meta property=\"og:locale\" content=\"es_ES\" \/>\n<meta property=\"og:type\" content=\"article\" \/>\n<meta property=\"og:title\" content=\"SEO Avanzado - Cacahuete Comunicaci\u00f3n. Empresa de Comunicaci\u00f3n, Redes Sociales, Community Manager y Social Media en Elche.\" \/>\n<meta property=\"og:description\" content=\"SEO AVANZADO \u00bfQu\u00e9 posicionamiento online tienes? En Cacahuete Comunicaci\u00f3n gestionamos tu posicionamiento a trav\u00e9s de la gesti\u00f3n de SEO avanzado. Haz que tu empresa llegue con el mensaje que deseas y cumple con los objetivos de alcance, tr\u00e1fico o leads. Precios desde 1.000 euros SEO Avanzado: Estrategias y T\u00e9cnicas para Optimizar tu Presencia en L\u00ednea [&hellip;]\" \/>\n<meta property=\"og:url\" content=\"https:\/\/cacahuetecomunicacion.com\/blog\/seo\/\" \/>\n<meta property=\"og:site_name\" content=\"Cacahuete Comunicaci\u00f3n. Empresa de Comunicaci\u00f3n, Redes Sociales, Community Manager y Social Media en Elche.\" \/>\n<meta property=\"article:modified_time\" content=\"2024-02-01T10:53:21+00:00\" \/>\n<meta property=\"og:image\" content=\"https:\/\/cacahuetecomunicacion.com\/blog\/wp-content\/uploads\/2024\/02\/CONBANDERA_KITDIGITAL.png\" \/>\n<meta name=\"twitter:card\" content=\"summary_large_image\" \/>\n<meta name=\"twitter:label1\" content=\"Tiempo de lectura\" \/>\n\t<meta name=\"twitter:data1\" content=\"5 minutos\" \/>\n<script type=\"application\/ld+json\" class=\"yoast-schema-graph\">{\"@context\":\"https:\/\/schema.org\",\"@graph\":[{\"@type\":\"WebPage\",\"@id\":\"https:\/\/cacahuetecomunicacion.com\/blog\/seo\/\",\"url\":\"https:\/\/cacahuetecomunicacion.com\/blog\/seo\/\",\"name\":\"SEO Avanzado - Cacahuete Comunicaci\u00f3n. Empresa de Comunicaci\u00f3n, Redes Sociales, Community Manager y Social Media en Elche.\",\"isPartOf\":{\"@id\":\"https:\/\/cacahuetecomunicacion.com\/blog\/#website\"},\"datePublished\":\"2024-01-31T22:36:53+00:00\",\"dateModified\":\"2024-02-01T10:53:21+00:00\",\"breadcrumb\":{\"@id\":\"https:\/\/cacahuetecomunicacion.com\/blog\/seo\/#breadcrumb\"},\"inLanguage\":\"es\",\"potentialAction\":[{\"@type\":\"ReadAction\",\"target\":[\"https:\/\/cacahuetecomunicacion.com\/blog\/seo\/\"]}]},{\"@type\":\"BreadcrumbList\",\"@id\":\"https:\/\/cacahuetecomunicacion.com\/blog\/seo\/#breadcrumb\",\"itemListElement\":[{\"@type\":\"ListItem\",\"position\":1,\"name\":\"Portada\",\"item\":\"https:\/\/cacahuetecomunicacion.com\/blog\/\"},{\"@type\":\"ListItem\",\"position\":2,\"name\":\"SEO Avanzado\"}]},{\"@type\":\"WebSite\",\"@id\":\"https:\/\/cacahuetecomunicacion.com\/blog\/#website\",\"url\":\"https:\/\/cacahuetecomunicacion.com\/blog\/\",\"name\":\"Cacahuete Comunicaci\u00f3n. Empresa de Comunicaci\u00f3n, Redes Sociales, Community Manager y Social Media en Elche.\",\"description\":\"Cacahuete Comunicaci\u00f3n. Empresa de Comunicaci\u00f3n, Redes Sociales, Community Manager y Social Media en Elche.\",\"potentialAction\":[{\"@type\":\"SearchAction\",\"target\":{\"@type\":\"EntryPoint\",\"urlTemplate\":\"https:\/\/cacahuetecomunicacion.com\/blog\/?s={search_term_string}\"},\"query-input\":\"required name=search_term_string\"}],\"inLanguage\":\"es\"}]}<\/script>\n<!-- \/ Yoast SEO plugin. -->","yoast_head_json":{"title":"SEO Avanzado - Cacahuete Comunicaci\u00f3n. Empresa de Comunicaci\u00f3n, Redes Sociales, Community Manager y Social Media en Elche.","robots":{"index":"index","follow":"follow","max-snippet":"max-snippet:-1","max-image-preview":"max-image-preview:large","max-video-preview":"max-video-preview:-1"},"canonical":"https:\/\/cacahuetecomunicacion.com\/blog\/seo\/","og_locale":"es_ES","og_type":"article","og_title":"SEO Avanzado - Cacahuete Comunicaci\u00f3n. Empresa de Comunicaci\u00f3n, Redes Sociales, Community Manager y Social Media en Elche.","og_description":"SEO AVANZADO \u00bfQu\u00e9 posicionamiento online tienes? En Cacahuete Comunicaci\u00f3n gestionamos tu posicionamiento a trav\u00e9s de la gesti\u00f3n de SEO avanzado. Haz que tu empresa llegue con el mensaje que deseas y cumple con los objetivos de alcance, tr\u00e1fico o leads. Precios desde 1.000 euros SEO Avanzado: Estrategias y T\u00e9cnicas para Optimizar tu Presencia en L\u00ednea [&hellip;]","og_url":"https:\/\/cacahuetecomunicacion.com\/blog\/seo\/","og_site_name":"Cacahuete Comunicaci\u00f3n. Empresa de Comunicaci\u00f3n, Redes Sociales, Community Manager y Social Media en Elche.","article_modified_time":"2024-02-01T10:53:21+00:00","og_image":[{"url":"https:\/\/cacahuetecomunicacion.com\/blog\/wp-content\/uploads\/2024\/02\/CONBANDERA_KITDIGITAL.png"}],"twitter_card":"summary_large_image","twitter_misc":{"Tiempo de lectura":"5 minutos"},"schema":{"@context":"https:\/\/schema.org","@graph":[{"@type":"WebPage","@id":"https:\/\/cacahuetecomunicacion.com\/blog\/seo\/","url":"https:\/\/cacahuetecomunicacion.com\/blog\/seo\/","name":"SEO Avanzado - Cacahuete Comunicaci\u00f3n. Empresa de Comunicaci\u00f3n, Redes Sociales, Community Manager y Social Media en Elche.","isPartOf":{"@id":"https:\/\/cacahuetecomunicacion.com\/blog\/#website"},"datePublished":"2024-01-31T22:36:53+00:00","dateModified":"2024-02-01T10:53:21+00:00","breadcrumb":{"@id":"https:\/\/cacahuetecomunicacion.com\/blog\/seo\/#breadcrumb"},"inLanguage":"es","potentialAction":[{"@type":"ReadAction","target":["https:\/\/cacahuetecomunicacion.com\/blog\/seo\/"]}]},{"@type":"BreadcrumbList","@id":"https:\/\/cacahuetecomunicacion.com\/blog\/seo\/#breadcrumb","itemListElement":[{"@type":"ListItem","position":1,"name":"Portada","item":"https:\/\/cacahuetecomunicacion.com\/blog\/"},{"@type":"ListItem","position":2,"name":"SEO Avanzado"}]},{"@type":"WebSite","@id":"https:\/\/cacahuetecomunicacion.com\/blog\/#website","url":"https:\/\/cacahuetecomunicacion.com\/blog\/","name":"Cacahuete Comunicaci\u00f3n. Empresa de Comunicaci\u00f3n, Redes Sociales, Community Manager y Social Media en Elche.","description":"Cacahuete Comunicaci\u00f3n. Empresa de Comunicaci\u00f3n, Redes Sociales, Community Manager y Social Media en Elche.","potentialAction":[{"@type":"SearchAction","target":{"@type":"EntryPoint","urlTemplate":"https:\/\/cacahuetecomunicacion.com\/blog\/?s={search_term_string}"},"query-input":"required name=search_term_string"}],"inLanguage":"es"}]}},"_links":{"self":[{"href":"https:\/\/cacahuetecomunicacion.com\/blog\/wp-json\/wp\/v2\/pages\/4696"}],"collection":[{"href":"https:\/\/cacahuetecomunicacion.com\/blog\/wp-json\/wp\/v2\/pages"}],"about":[{"href":"https:\/\/cacahuetecomunicacion.com\/blog\/wp-json\/wp\/v2\/types\/page"}],"author":[{"embeddable":true,"href":"https:\/\/cacahuetecomunicacion.com\/blog\/wp-json\/wp\/v2\/users\/1"}],"replies":[{"embeddable":true,"href":"https:\/\/cacahuetecomunicacion.com\/blog\/wp-json\/wp\/v2\/comments?post=4696"}],"version-history":[{"count":3,"href":"https:\/\/cacahuetecomunicacion.com\/blog\/wp-json\/wp\/v2\/pages\/4696\/revisions"}],"predecessor-version":[{"id":4706,"href":"https:\/\/cacahuetecomunicacion.com\/blog\/wp-json\/wp\/v2\/pages\/4696\/revisions\/4706"}],"wp:attachment":[{"href":"https:\/\/cacahuetecomunicacion.com\/blog\/wp-json\/wp\/v2\/media?parent=4696"}],"curies":[{"name":"wp","href":"https:\/\/api.w.org\/{rel}","templated":true}]}}